{"id":14981,"date":"2021-06-15T19:57:39","date_gmt":"2021-06-15T19:57:39","guid":{"rendered":"https:\/\/enlab.com.tr\/?page_id=14981"},"modified":"2022-02-23T13:18:23","modified_gmt":"2022-02-23T13:18:23","slug":"draft-chamberler","status":"publish","type":"page","link":"https:\/\/enlab.com.tr\/en\/draft-chamberler\/","title":{"rendered":"Draft Chambers"},"content":{"rendered":"<div data-elementor-type=\"wp-page\" data-elementor-id=\"14981\" class=\"elementor elementor-14981\">\n\t\t\t\t\t\t\t\t\t<section class=\"elementor-section elementor-top-section elementor-element elementor-element-f326293 elementor-section-stretched elementor-hidden-tablet elementor-hidden-mobile elementor-section-boxed elementor-section-height-default elementor-section-height-default\" data-id=\"f326293\" data-element_type=\"section\" data-settings=\"{&quot;stretch_section&quot;:&quot;section-stretched&quot;}\">\n\t\t\t\t\t\t\t<div class=\"elementor-background-overlay\"><\/div>\n\t\t\t\t\t\t\t<div class=\"elementor-container elementor-column-gap-default\">\n\t\t\t\t\t<div class=\"elementor-column elementor-col-25 elementor-top-column elementor-element elementor-element-42f1a09\" data-id=\"42f1a09\" data-element_type=\"column\">\n\t\t\t<div class=\"elementor-widget-wrap elementor-element-populated\">\n\t\t\t\t\t\t\t\t<div class=\"elementor-element elementor-element-7e7d0b9 elementor-widget elementor-widget-html\" data-id=\"7e7d0b9\" data-element_type=\"widget\" data-widget_type=\"html.default\">\n\t\t\t\t<div class=\"elementor-widget-container\">\n\t\t\t<a class=\"btn\" style=\"background-color:#1a191d;font-size:2rem;\" href=\"https:\/\/enlab.com.tr\/en\/draft-chamberler\/\">Draft Chambers<\/a>\t\t<\/div>\n\t\t\t\t<\/div>\n\t\t\t\t\t<\/div>\n\t\t<\/div>\n\t\t\t\t<div class=\"elementor-column elementor-col-25 elementor-top-column elementor-element elementor-element-f4e0d99\" data-id=\"f4e0d99\" data-element_type=\"column\">\n\t\t\t<div class=\"elementor-widget-wrap elementor-element-populated\">\n\t\t\t\t\t\t\t\t<div class=\"elementor-element elementor-element-241e255 elementor-widget elementor-widget-html\" data-id=\"241e255\" data-element_type=\"widget\" data-widget_type=\"html.default\">\n\t\t\t\t<div class=\"elementor-widget-container\">\n\t\t\t<a class=\"btn\" style=\"background-color:#cd0001;font-size:2rem;\" href=\"https:\/\/enlab.com.tr\/en\/davlumbazlar\/\">Hoods<\/a>\t\t<\/div>\n\t\t\t\t<\/div>\n\t\t\t\t\t<\/div>\n\t\t<\/div>\n\t\t\t\t<div class=\"elementor-column elementor-col-25 elementor-top-column elementor-element elementor-element-dece201\" data-id=\"dece201\" data-element_type=\"column\">\n\t\t\t<div class=\"elementor-widget-wrap elementor-element-populated\">\n\t\t\t\t\t\t\t\t<div class=\"elementor-element elementor-element-6a16bd2 elementor-widget elementor-widget-html\" data-id=\"6a16bd2\" data-element_type=\"widget\" data-widget_type=\"html.default\">\n\t\t\t\t<div class=\"elementor-widget-container\">\n\t\t\t<a class=\"btn\" style=\"background-color:#cd0001;font-size:1.7rem;\" href=\"https:\/\/enlab.com.tr\/en\/lokal-emis-sistemleri\/\">Exhaust Discharge Systems<\/a>\t\t<\/div>\n\t\t\t\t<\/div>\n\t\t\t\t\t<\/div>\n\t\t<\/div>\n\t\t\t\t<div class=\"elementor-column elementor-col-25 elementor-top-column elementor-element elementor-element-6e53f3b\" data-id=\"6e53f3b\" data-element_type=\"column\">\n\t\t\t<div class=\"elementor-widget-wrap elementor-element-populated\">\n\t\t\t\t\t\t\t\t<div class=\"elementor-element elementor-element-3c55e87 elementor-widget elementor-widget-html\" data-id=\"3c55e87\" data-element_type=\"widget\" data-widget_type=\"html.default\">\n\t\t\t\t<div class=\"elementor-widget-container\">\n\t\t\t<a class=\"btn\" style=\"background-color:#cd0001;font-size:1.6rem;\" href=\"https:\/\/enlab.com.tr\/en\/ventilasyon-sistemleri\/\">Ventilation Systems<\/a>\t\t<\/div>\n\t\t\t\t<\/div>\n\t\t\t\t\t<\/div>\n\t\t<\/div>\n\t\t\t\t\t\t\t<\/div>\n\t\t<\/section>\n\t\t\t\t<section class=\"elementor-section elementor-top-section elementor-element elementor-element-87342da elementor-section-stretched elementor-section-boxed elementor-section-height-default elementor-section-height-default\" data-id=\"87342da\" data-element_type=\"section\" data-settings=\"{&quot;stretch_section&quot;:&quot;section-stretched&quot;}\">\n\t\t\t\t\t\t\t<div class=\"elementor-background-overlay\"><\/div>\n\t\t\t\t\t\t\t<div class=\"elementor-container elementor-column-gap-default\">\n\t\t\t\t\t<div class=\"elementor-column elementor-col-50 elementor-top-column elementor-element elementor-element-f385749\" data-id=\"f385749\" data-element_type=\"column\">\n\t\t\t<div class=\"elementor-widget-wrap elementor-element-populated\">\n\t\t\t\t\t\t\t\t<div class=\"elementor-element elementor-element-dd1ebdd elementor-widget elementor-widget-image\" data-id=\"dd1ebdd\" data-element_type=\"widget\" data-widget_type=\"image.default\">\n\t\t\t\t<div class=\"elementor-widget-container\">\n\t\t\t\t\t\t\t\t\t\t\t\t\t\t\t<img decoding=\"async\" width=\"352\" height=\"724\" src=\"https:\/\/enlab.com.tr\/wp-content\/uploads\/2021\/06\/7e2675c6-621a-4cc7-9573-d134d7c4d302_draft-chamber.png.png\" class=\"attachment-medium_large size-medium_large\" alt=\"\" srcset=\"https:\/\/enlab.com.tr\/wp-content\/uploads\/2021\/06\/7e2675c6-621a-4cc7-9573-d134d7c4d302_draft-chamber.png.png 352w, https:\/\/enlab.com.tr\/wp-content\/uploads\/2021\/06\/7e2675c6-621a-4cc7-9573-d134d7c4d302_draft-chamber.png-146x300.png 146w\" sizes=\"(max-width: 352px) 100vw, 352px\" \/>\t\t\t\t\t\t\t\t\t\t\t\t\t\t\t<\/div>\n\t\t\t\t<\/div>\n\t\t\t\t\t<\/div>\n\t\t<\/div>\n\t\t\t\t<div class=\"elementor-column elementor-col-50 elementor-top-column elementor-element elementor-element-b118a98\" data-id=\"b118a98\" data-element_type=\"column\">\n\t\t\t<div class=\"elementor-widget-wrap elementor-element-populated\">\n\t\t\t\t\t\t\t\t<div class=\"elementor-element elementor-element-0e0be47 elementor-widget elementor-widget-html\" data-id=\"0e0be47\" data-element_type=\"widget\" data-widget_type=\"html.default\">\n\t\t\t\t<div class=\"elementor-widget-container\">\n\t\t\t<h2>Draft Chamber<\/h2>\n<p>\n\nDraft Chambers are closed system Ventilated cabinets located on both Edge type and Medium type island benches. Although its function appears to be the same as with Fume Cupboards, it is used for the local evacuation of lighter gases, heat and odors that will be released during experiments and tests without spreading to the laboratory environment.<\/p>\n<p>\n\nThe heights and depths may vary according to the height and depth of the bench. The heights differ according to the 750 mm and 900 mm counter heights.\n\nThe two sides of the cabins are fixed and the front parts are sliding glass system. The glasses used are also safe, Laminated or Tampered glass. The upper part and side frames are painted with anti-acid epoxy on galvanized metal.<\/p>\n<p>\n\nThe piping required for the exhaust discharge of the cabins is connected to the discharge outlet at the top and connected to the ventilators. If there will be a Service column on the bench to be deployed, its design is arranged accordingly.\n\nApart from this, Electricity, Gas, Water etc. used on the counter. The services are directly connected to the counter and the usage features are the same as on the counters. In addition, there is a Fan Control switch that will control the Fan in the Exhaust system to which it is connected. It is a single cycle thermal system.<\/p>\n\t\t<\/div>\n\t\t\t\t<\/div>\n\t\t\t\t\t<\/div>\n\t\t<\/div>\n\t\t\t\t\t\t\t<\/div>\n\t\t<\/section>\n\t\t\t\t<section class=\"elementor-section elementor-top-section elementor-element elementor-element-ea3b9f9 elementor-section-stretched elementor-section-boxed elementor-section-height-default elementor-section-height-default\" data-id=\"ea3b9f9\" data-element_type=\"section\" data-settings=\"{&quot;stretch_section&quot;:&quot;section-stretched&quot;}\">\n\t\t\t\t\t\t\t<div class=\"elementor-background-overlay\"><\/div>\n\t\t\t\t\t\t\t<div class=\"elementor-container elementor-column-gap-default\">\n\t\t\t\t\t<div class=\"elementor-column elementor-col-100 elementor-top-column elementor-element elementor-element-2e38282\" data-id=\"2e38282\" data-element_type=\"column\">\n\t\t\t<div class=\"elementor-widget-wrap elementor-element-populated\">\n\t\t\t\t\t\t\t\t<div class=\"elementor-element elementor-element-d46585b elementor-widget elementor-widget-html\" data-id=\"d46585b\" data-element_type=\"widget\" data-widget_type=\"html.default\">\n\t\t\t\t<div class=\"elementor-widget-container\">\n\t\t\t<p>\n\nCabinet depths are 750 \/800 \/900 mm for Side benches and 1500 \/1600 \/1800 mm for Center Benches. The height is 1200 \/ 1350 mm according to the bench height. Dimensions according to bench size Draft Chamber\n\nDraft Chambers are closed system Ventilated cabinets located on both Edge type and Medium type island benches. Although its function appears to be the same as with Fume Cupboards, it is used for the local evacuation of lighter gases, heat and odors that will be released during experiments and tests without spreading to the laboratory environment.\n\nThe heights and depths may vary according to the height and depth of the bench. The heights differ according to the 750 mm and 900 mm counter heights.<\/p>\n<p>\n\nThe two sides of the cabins are fixed and the front parts are sliding glass system. The glasses used are also safe, Laminated or Tampered glass. The upper part and side frames are painted with anti-acid epoxy on galvanized metal.\n\nThe piping required for the exhaust discharge of the cabins is connected to the discharge outlet at the top and connected to the ventilators. If there will be a Service column on the bench to be deployed, its design is arranged accordingly.\n\nApart from this, Electricity, Gas, Water etc. used on the counter. The services are directly connected to the counter and the usage features are the same as on the counters. In addition, there is a Fan Control switch that will control the Fan in the Exhaust system to which it is connected. It is a single cycle thermal system.\n\nCabinet depths are 750 \/800 \/900 mm for Side benches and 1500 \/1600 \/1800 mm for Center Benches. The height is 1200 \/ 1350 mm according to the bench height. The lengths are made according to the bench length.<\/p>\t\t<\/div>\n\t\t\t\t<\/div>\n\t\t\t\t\t<\/div>\n\t\t<\/div>\n\t\t\t\t\t\t\t<\/div>\n\t\t<\/section>\n\t\t\t\t\t\t\t<\/div>","protected":false},"excerpt":{"rendered":"<p>Draft Chamberler Davlumbazlar Lokal Emi\u015f Sistemleri Ventilasyon Sistemleri Draft Chamber Draft Chamber, Gerek Kenar tip ve gerekse Orta tip ada tezgahlar\u0131n \u00fczerinde konu\u015fland\u0131r\u0131lm\u0131\u015f kapal\u0131 sistem Ventilasyonlu kabinlerdir. \u0130\u015flevi \u00c7eker ocaklarla ayn\u0131 gibi g\u00f6r\u00fcnse de deney ve testler esnas\u0131nda a\u00e7\u0131\u011fa \u00e7\u0131kacak daha hafif gaz, \u0131s\u0131 ve kokular\u0131n laboratuvar ortam\u0131na yay\u0131lmadan lokal [&hellip;]<\/p>","protected":false},"author":4,"featured_media":0,"parent":0,"menu_order":0,"comment_status":"closed","ping_status":"closed","template":"","meta":{"footnotes":""},"class_list":["post-14981","page","type-page","status-publish","hentry"],"_links":{"self":[{"href":"https:\/\/enlab.com.tr\/en\/wp-json\/wp\/v2\/pages\/14981","targetHints":{"allow":["GET"]}}],"collection":[{"href":"https:\/\/enlab.com.tr\/en\/wp-json\/wp\/v2\/pages"}],"about":[{"href":"https:\/\/enlab.com.tr\/en\/wp-json\/wp\/v2\/types\/page"}],"author":[{"embeddable":true,"href":"https:\/\/enlab.com.tr\/en\/wp-json\/wp\/v2\/users\/4"}],"replies":[{"embeddable":true,"href":"https:\/\/enlab.com.tr\/en\/wp-json\/wp\/v2\/comments?post=14981"}],"version-history":[{"count":43,"href":"https:\/\/enlab.com.tr\/en\/wp-json\/wp\/v2\/pages\/14981\/revisions"}],"predecessor-version":[{"id":16871,"href":"https:\/\/enlab.com.tr\/en\/wp-json\/wp\/v2\/pages\/14981\/revisions\/16871"}],"wp:attachment":[{"href":"https:\/\/enlab.com.tr\/en\/wp-json\/wp\/v2\/media?parent=14981"}],"curies":[{"name":"wp","href":"https:\/\/api.w.org\/{rel}","templated":true}]}}