{"id":14710,"date":"2021-06-03T21:02:43","date_gmt":"2021-06-03T21:02:43","guid":{"rendered":"https:\/\/enlab.com.tr\/?page_id=14710"},"modified":"2022-04-26T08:19:32","modified_gmt":"2022-04-26T08:19:32","slug":"perchloric-asit-ve-walk-in-ceker-ocaklar","status":"publish","type":"page","link":"https:\/\/enlab.com.tr\/en\/perchloric-asit-ve-walk-in-ceker-ocaklar\/","title":{"rendered":"Perchloric Acid and Walk \u2013 In Fume Hoods"},"content":{"rendered":"<div data-elementor-type=\"wp-page\" data-elementor-id=\"14710\" class=\"elementor elementor-14710\">\n\t\t\t\t\t\t\t\t\t<section class=\"elementor-section elementor-top-section elementor-element elementor-element-38fa473 elementor-section-stretched elementor-section-boxed elementor-section-height-default elementor-section-height-default\" data-id=\"38fa473\" data-element_type=\"section\" data-settings=\"{&quot;stretch_section&quot;:&quot;section-stretched&quot;}\">\n\t\t\t\t\t\t\t<div class=\"elementor-background-overlay\"><\/div>\n\t\t\t\t\t\t\t<div class=\"elementor-container elementor-column-gap-default\">\n\t\t\t\t\t<div class=\"elementor-column elementor-col-33 elementor-top-column elementor-element elementor-element-65cdf09\" data-id=\"65cdf09\" data-element_type=\"column\">\n\t\t\t<div class=\"elementor-widget-wrap elementor-element-populated\">\n\t\t\t\t\t\t\t\t<div class=\"elementor-element elementor-element-65692c7 elementor-widget elementor-widget-html\" data-id=\"65692c7\" data-element_type=\"widget\" data-widget_type=\"html.default\">\n\t\t\t\t<div class=\"elementor-widget-container\">\n\t\t\t<a class=\"btn\" style=\"background-color:#cd0001;font-size:2rem;\" href=\"https:\/\/enlab.com.tr\/en\/standart-ceker-ocaklar\/\">Standard Fume Hoods<\/a>\t\t<\/div>\n\t\t\t\t<\/div>\n\t\t\t\t\t<\/div>\n\t\t<\/div>\n\t\t\t\t<div class=\"elementor-column elementor-col-33 elementor-top-column elementor-element elementor-element-a77be74\" data-id=\"a77be74\" data-element_type=\"column\">\n\t\t\t<div class=\"elementor-widget-wrap elementor-element-populated\">\n\t\t\t\t\t\t\t\t<div class=\"elementor-element elementor-element-1321dfa elementor-widget elementor-widget-html\" data-id=\"1321dfa\" data-element_type=\"widget\" data-widget_type=\"html.default\">\n\t\t\t\t<div class=\"elementor-widget-container\">\n\t\t\t<a class=\"btn\" style=\"background-color:#1a191d;font-size:2rem;\" href=\"https:\/\/enlab.com.tr\/en\/percholic-asit-ve-walk-in-ceker-ocaklar\/\">Perchloric Acid and Walk<\/a>\t\t<\/div>\n\t\t\t\t<\/div>\n\t\t\t\t\t<\/div>\n\t\t<\/div>\n\t\t\t\t<div class=\"elementor-column elementor-col-33 elementor-top-column elementor-element elementor-element-8625266\" data-id=\"8625266\" data-element_type=\"column\">\n\t\t\t<div class=\"elementor-widget-wrap elementor-element-populated\">\n\t\t\t\t\t\t\t\t<div class=\"elementor-element elementor-element-6664bfe elementor-widget elementor-widget-html\" data-id=\"6664bfe\" data-element_type=\"widget\" data-widget_type=\"html.default\">\n\t\t\t\t<div class=\"elementor-widget-container\">\n\t\t\t<a class=\"btn\" style=\"background-color:#cd0001;font-size:2rem;\" href=\"https:\/\/enlab.com.tr\/en\/radyofarmasotik-ceker-ocaklar\/\">Radio-pharmaceutical <\/a>\t\t<\/div>\n\t\t\t\t<\/div>\n\t\t\t\t\t<\/div>\n\t\t<\/div>\n\t\t\t\t\t\t\t<\/div>\n\t\t<\/section>\n\t\t\t\t<section class=\"elementor-section elementor-top-section elementor-element elementor-element-b843d8b elementor-section-stretched elementor-section-boxed elementor-section-height-default elementor-section-height-default\" data-id=\"b843d8b\" data-element_type=\"section\" data-settings=\"{&quot;stretch_section&quot;:&quot;section-stretched&quot;}\">\n\t\t\t\t\t\t\t<div class=\"elementor-background-overlay\"><\/div>\n\t\t\t\t\t\t\t<div class=\"elementor-container elementor-column-gap-default\">\n\t\t\t\t\t<div class=\"elementor-column elementor-col-50 elementor-top-column elementor-element elementor-element-cef7d42\" data-id=\"cef7d42\" data-element_type=\"column\">\n\t\t\t<div class=\"elementor-widget-wrap elementor-element-populated\">\n\t\t\t\t\t\t\t\t<div class=\"elementor-element elementor-element-73a5b64 elementor-widget elementor-widget-image-carousel\" data-id=\"73a5b64\" data-element_type=\"widget\" data-settings=\"{&quot;slides_to_show&quot;:&quot;2&quot;,&quot;navigation&quot;:&quot;none&quot;,&quot;infinite&quot;:&quot;no&quot;,&quot;autoplay&quot;:&quot;yes&quot;,&quot;pause_on_hover&quot;:&quot;yes&quot;,&quot;pause_on_interaction&quot;:&quot;yes&quot;,&quot;autoplay_speed&quot;:5000,&quot;speed&quot;:500}\" data-widget_type=\"image-carousel.default\">\n\t\t\t\t<div class=\"elementor-widget-container\">\n\t\t\t\t\t<div class=\"elementor-image-carousel-wrapper swiper-container\" dir=\"ltr\">\n\t\t\t<div class=\"elementor-image-carousel swiper-wrapper\">\n\t\t\t\t\t\t\t\t<div class=\"swiper-slide\"><figure class=\"swiper-slide-inner\"><img decoding=\"async\" class=\"swiper-slide-image\" src=\"https:\/\/enlab.com.tr\/wp-content\/uploads\/2021\/06\/Perchloric-Asit-Ceker-Ocaklar-2.png\" alt=\"Perchloric-Asit-Ceker-Ocaklar -2\" \/><\/figure><\/div><div class=\"swiper-slide\"><figure class=\"swiper-slide-inner\"><img decoding=\"async\" class=\"swiper-slide-image\" src=\"https:\/\/enlab.com.tr\/wp-content\/uploads\/2021\/06\/Perchloric-Asit-Ceker-Ocaklar1.png\" alt=\"Perchloric-Asit-Ceker-Ocaklar1\" \/><\/figure><\/div>\t\t\t<\/div>\n\t\t\t\t\t\t\t\t\t\t\t\t\t\t\t\t<\/div>\n\t\t\t\t<\/div>\n\t\t\t\t<\/div>\n\t\t\t\t\t<\/div>\n\t\t<\/div>\n\t\t\t\t<div class=\"elementor-column elementor-col-50 elementor-top-column elementor-element elementor-element-68069e3\" data-id=\"68069e3\" data-element_type=\"column\">\n\t\t\t<div class=\"elementor-widget-wrap elementor-element-populated\">\n\t\t\t\t\t\t\t\t<div class=\"elementor-element elementor-element-174bbdd elementor-widget elementor-widget-html\" data-id=\"174bbdd\" data-element_type=\"widget\" data-widget_type=\"html.default\">\n\t\t\t\t<div class=\"elementor-widget-container\">\n\t\t\t<h2>Perchloric Acid Fume Hoods<\/h2>\n<p>The function and type dimensions of these fume hoods are the same as the Standard Fume Hoods, but the body block, side panels, front panels, rear panel, gas discharge panel, lighting panel, service columns, Work Table, Sink and mobile bottom cabinets of the device are completely and in various thicknesses 316 AISI Made of Cr\/Ni Stainless Steel.\u00a0<\/p>\n<p>As we know, Perchloric Acid can cause deformations in the areas where it is used due to its chemical properties.<\/p>\n<p>For this reason, the materials used in the device and the exhaust evacuation system must be of maximum durability. However, there is a washing device in the upper back part of the working area of our Fume Hood so that the acid vapor that comes out does not damage the Ventilation system.<\/p>\n \n\t\t<\/div>\n\t\t\t\t<\/div>\n\t\t\t\t<div class=\"elementor-element elementor-element-a22afbe elementor-widget elementor-widget-text-editor\" data-id=\"a22afbe\" data-element_type=\"widget\" data-widget_type=\"text-editor.default\">\n\t\t\t\t<div class=\"elementor-widget-container\">\n\t\t\t\t\t\t\t\t\t\t\t\t\t<\/div>\n\t\t\t\t<\/div>\n\t\t\t\t\t<\/div>\n\t\t<\/div>\n\t\t\t\t\t\t\t<\/div>\n\t\t<\/section>\n\t\t\t\t<section class=\"elementor-section elementor-top-section elementor-element elementor-element-178116c elementor-section-stretched elementor-section-boxed elementor-section-height-default elementor-section-height-default\" data-id=\"178116c\" data-element_type=\"section\" data-settings=\"{&quot;stretch_section&quot;:&quot;section-stretched&quot;}\">\n\t\t\t\t\t\t\t<div class=\"elementor-background-overlay\"><\/div>\n\t\t\t\t\t\t\t<div class=\"elementor-container elementor-column-gap-default\">\n\t\t\t\t\t<div class=\"elementor-column elementor-col-100 elementor-top-column elementor-element elementor-element-ae51899\" data-id=\"ae51899\" data-element_type=\"column\">\n\t\t\t<div class=\"elementor-widget-wrap elementor-element-populated\">\n\t\t\t\t\t\t\t\t<div class=\"elementor-element elementor-element-d6fbd4c elementor-widget elementor-widget-html\" data-id=\"d6fbd4c\" data-element_type=\"widget\" data-widget_type=\"html.default\">\n\t\t\t\t<div class=\"elementor-widget-container\">\n\t\t\t\n<p>The acid vapor in the polluted air to be evacuated is purified from acids with this washing unit before it reaches the discharge port, and the clean air is sent to the Ventilation system. In this way, we protect our exhaust system from this factor as much as possible.<\/p>\n<p>Our inner back panel; It is designed to send the water gushing down from the washing system to the drain sink without damaging the devices we use in the inner chamber.<\/p>\n<p>Other mechanical and sanitary equipment used in Perchloric Acid Fume Hood are the same as standard fume hoods. Apart from this, there is a valve for the washing unit on the front control panel and a washing device in the form of a band inside. The necessary plumbing for washing water should be drawn in the desired style beforehand.<\/p>\n<p>Walk \u2013 In Fume Hoods\u00a0The function and type dimensions of these fume hoods are the same as the Standard Fume Hoods, but since the physical dimensions of the devices to be used in them are large, there is no work table and front middle panel. The device to be used is placed directly on the ground in our fume hood. The windshield is designed to open completely. Electrical fixtures are located on the top panel of our device. Water and gas armatures can be mounted directly to the interior rear panel and in some cases to the side panels.<\/p>\n\n\n\n\n\t\t<\/div>\n\t\t\t\t<\/div>\n\t\t\t\t\t<\/div>\n\t\t<\/div>\n\t\t\t\t\t\t\t<\/div>\n\t\t<\/section>\n\t\t\t\t\t\t\t<\/div>","protected":false},"excerpt":{"rendered":"<p>Standart \u00c7eker Ocaklar Percholic Asit ve Walk Radyofarmas\u00f6tik Perchloric Asit \u00c7eker Ocaklar Bu \u00e7eker ocaklar\u0131nda i\u015flevi ile tip \u00f6l\u00e7\u00fcleri Standart \u00c7eker Ocaklar ile ayn\u0131d\u0131r fakat, Cihaz\u0131n g\u00f6vde blo\u011fu, yan panelleri, \u00f6n panelleri, arka paneli, gaz tahliye paneli ayd\u0131nlatma paneli, servis kolonlar\u0131, \u00c7al\u0131\u015fma Tablas\u0131, Evyesi ve mobil alt dolaplar\u0131 tamamen ve [&hellip;]<\/p>","protected":false},"author":4,"featured_media":0,"parent":0,"menu_order":0,"comment_status":"closed","ping_status":"closed","template":"","meta":{"footnotes":""},"class_list":["post-14710","page","type-page","status-publish","hentry"],"_links":{"self":[{"href":"https:\/\/enlab.com.tr\/en\/wp-json\/wp\/v2\/pages\/14710","targetHints":{"allow":["GET"]}}],"collection":[{"href":"https:\/\/enlab.com.tr\/en\/wp-json\/wp\/v2\/pages"}],"about":[{"href":"https:\/\/enlab.com.tr\/en\/wp-json\/wp\/v2\/types\/page"}],"author":[{"embeddable":true,"href":"https:\/\/enlab.com.tr\/en\/wp-json\/wp\/v2\/users\/4"}],"replies":[{"embeddable":true,"href":"https:\/\/enlab.com.tr\/en\/wp-json\/wp\/v2\/comments?post=14710"}],"version-history":[{"count":26,"href":"https:\/\/enlab.com.tr\/en\/wp-json\/wp\/v2\/pages\/14710\/revisions"}],"predecessor-version":[{"id":16981,"href":"https:\/\/enlab.com.tr\/en\/wp-json\/wp\/v2\/pages\/14710\/revisions\/16981"}],"wp:attachment":[{"href":"https:\/\/enlab.com.tr\/en\/wp-json\/wp\/v2\/media?parent=14710"}],"curies":[{"name":"wp","href":"https:\/\/api.w.org\/{rel}","templated":true}]}}