{"id":14487,"date":"2021-06-02T23:38:16","date_gmt":"2021-06-02T23:38:16","guid":{"rendered":"https:\/\/enlab.com.tr\/?page_id=14487"},"modified":"2022-09-06T06:20:51","modified_gmt":"2022-09-06T06:20:51","slug":"hassas-tartim-masalari","status":"publish","type":"page","link":"https:\/\/enlab.com.tr\/en\/hassas-tartim-masalari\/","title":{"rendered":"Balance Tables"},"content":{"rendered":"<div data-elementor-type=\"wp-page\" data-elementor-id=\"14487\" class=\"elementor elementor-14487\">\n\t\t\t\t\t\t\t\t\t<section class=\"elementor-section elementor-top-section elementor-element elementor-element-e38be5d elementor-section-stretched elementor-section-boxed elementor-section-height-default elementor-section-height-default\" data-id=\"e38be5d\" data-element_type=\"section\" data-settings=\"{&quot;stretch_section&quot;:&quot;section-stretched&quot;}\">\n\t\t\t\t\t\t\t<div class=\"elementor-background-overlay\"><\/div>\n\t\t\t\t\t\t\t<div class=\"elementor-container elementor-column-gap-default\">\n\t\t\t\t\t<div class=\"elementor-column elementor-col-50 elementor-top-column elementor-element elementor-element-7a14280\" data-id=\"7a14280\" data-element_type=\"column\">\n\t\t\t<div class=\"elementor-widget-wrap elementor-element-populated\">\n\t\t\t\t\t\t\t\t<div class=\"elementor-element elementor-element-4abca09 elementor-widget elementor-widget-image\" data-id=\"4abca09\" data-element_type=\"widget\" data-widget_type=\"image.default\">\n\t\t\t\t<div class=\"elementor-widget-container\">\n\t\t\t\t\t\t\t\t\t\t\t\t\t\t\t<img decoding=\"async\" width=\"492\" height=\"628\" src=\"https:\/\/enlab.com.tr\/wp-content\/uploads\/2021\/06\/16f7b2ba-5886-4970-bae2-7c8788dbfe1b_Hassas-Tartim-Masalari.png\" class=\"attachment-medium_large size-medium_large\" alt=\"\" srcset=\"https:\/\/enlab.com.tr\/wp-content\/uploads\/2021\/06\/16f7b2ba-5886-4970-bae2-7c8788dbfe1b_Hassas-Tartim-Masalari.png 492w, https:\/\/enlab.com.tr\/wp-content\/uploads\/2021\/06\/16f7b2ba-5886-4970-bae2-7c8788dbfe1b_Hassas-Tartim-Masalari-235x300.png 235w\" sizes=\"(max-width: 492px) 100vw, 492px\" \/>\t\t\t\t\t\t\t\t\t\t\t\t\t\t\t<\/div>\n\t\t\t\t<\/div>\n\t\t\t\t\t<\/div>\n\t\t<\/div>\n\t\t\t\t<div class=\"elementor-column elementor-col-50 elementor-top-column elementor-element elementor-element-8cddc42\" data-id=\"8cddc42\" data-element_type=\"column\">\n\t\t\t<div class=\"elementor-widget-wrap elementor-element-populated\">\n\t\t\t\t\t\t\t\t<div class=\"elementor-element elementor-element-5e23171 elementor-widget elementor-widget-html\" data-id=\"5e23171\" data-element_type=\"widget\" data-widget_type=\"html.default\">\n\t\t\t\t<div class=\"elementor-widget-container\">\n\t\t\t<h2>Balance Tables<\/h2>\n<p>It is deployed in the weighing rooms to be used in the laboratory spaces or next to the relevant bench in the laboratory spaces. Precise Weighing Scales are used on these tables and since the tables are not affected by vibration due to their structure, the balances are not distorted.<\/p>\n<p>\nOnce block and panels are made of galvanized sheet and painted with anti-acid Epoxy paint and baked at 200 degrees. The side legs are designed to be filled with sand and made heavier. Balance and height adjustment screw feet are on the parts that touch the ground.<\/p>\n\n<p>\nTrespa or Compact Laminate is used as the bench surface. On both surfaces, the area where the scale will sit was also emptied and 30 mm thick Marble was placed on this part. At the bottom of the marble, there are vibration absorbing wedges. Standard Table Heights are 750\/900 mm. Depth and Widths can be 600\/750\/900 mm. Optional and optionally a glass fan can be made on the table.<\/p>\n<p>\n    Precision Weighing Tables are deployed in the weighing rooms to be used inside the laboratory spaces or next to the relevant bench in the laboratory spaces. Precise Weighing Scales are used on these tables and since the tables are not affected by vibration due to their structure, the balances are not distorted.\n<\/p>\t\t<\/div>\n\t\t\t\t<\/div>\n\t\t\t\t\t<\/div>\n\t\t<\/div>\n\t\t\t\t\t\t\t<\/div>\n\t\t<\/section>\n\t\t\t\t<section class=\"elementor-section elementor-top-section elementor-element elementor-element-719832a elementor-section-stretched elementor-section-boxed elementor-section-height-default elementor-section-height-default\" data-id=\"719832a\" data-element_type=\"section\" data-settings=\"{&quot;stretch_section&quot;:&quot;section-stretched&quot;}\">\n\t\t\t\t\t\t\t<div class=\"elementor-background-overlay\"><\/div>\n\t\t\t\t\t\t\t<div class=\"elementor-container elementor-column-gap-default\">\n\t\t\t\t\t<div class=\"elementor-column elementor-col-100 elementor-top-column elementor-element elementor-element-2081d8c\" data-id=\"2081d8c\" data-element_type=\"column\">\n\t\t\t<div class=\"elementor-widget-wrap elementor-element-populated\">\n\t\t\t\t\t\t\t\t<div class=\"elementor-element elementor-element-9e2fb70 elementor-widget elementor-widget-html\" data-id=\"9e2fb70\" data-element_type=\"widget\" data-widget_type=\"html.default\">\n\t\t\t\t<div class=\"elementor-widget-container\">\n\t\t\t<section>\n    <h3 class=\"text-center\">\n        Hasas Tarat\u0131m Masalar\u0131\n    <\/h3>\n    <img decoding=\"async\" src=\"https:\/\/enlab.com.tr\/wp-content\/uploads\/2022\/09\/Hassas-Tartim-Masalari-olcu-768x512-1.png\" style=\"padding-left:100px\"\/>\n    <h5 class=\"text-center\">\n        Derinlik:600\/750\/900 mm Geni\u015flik:600\/750\/900 mm Y\u00fckseklik: 750\/900 mm\n    <\/h5>\n<\/section>\t\t<\/div>\n\t\t\t\t<\/div>\n\t\t\t\t<div class=\"elementor-element elementor-element-24f80b0 elementor-widget elementor-widget-html\" data-id=\"24f80b0\" data-element_type=\"widget\" data-widget_type=\"html.default\">\n\t\t\t\t<div class=\"elementor-widget-container\">\n\t\t\t<p>Once block and panels are made of galvanized sheet and painted with anti-acid Epoxy paint and baked at 200 degrees. The side legs are designed to be filled with sand and made heavier. Balance and height adjustment screw feet are on the parts that touch the ground.<\/p>\n<p>\nTrespa or Compact Laminate is used as the bench surface. On both surfaces, the area where the scale will sit was also emptied and 30 mm thick Marble was placed on this part. At the bottom of the marble, there are vibration absorbing wedges. Standard Table Heights are 750\/900 mm. Depth and Widths can be 600\/750\/900 mm. Optional and optionally a glass fan can be made on the table.<\/p>\t\t<\/div>\n\t\t\t\t<\/div>\n\t\t\t\t\t<\/div>\n\t\t<\/div>\n\t\t\t\t\t\t\t<\/div>\n\t\t<\/section>\n\t\t\t\t\t\t\t<\/div>","protected":false},"excerpt":{"rendered":"<p>Hassas Tart\u0131m Masalar\u0131 Laboratuvar mekanlar\u0131n\u0131n i\u00e7erisinde kullan\u0131lacak Tart\u0131m odalar\u0131nda veya Laboratuvar mekanlar\u0131nda ilgili tezgah\u0131n yan\u0131nda konu\u015fland\u0131r\u0131l\u0131r. Hassas Tart\u0131m yap\u0131lan Teraziler bu masalarda kullan\u0131l\u0131r ve masalar\u0131n yap\u0131s\u0131 gere\u011fi vibrasyondan etkilenmedi\u011fi i\u00e7in terazilerin ayar\u0131 bozulmaz. G\u00f6nce blo\u011fu ve panelleri Galvaniz sacdan \u00fcretilmi\u015f ve anti asit Epoxy boya ile boyanarak 200 derecede f\u0131r\u0131nlanm\u0131\u015ft\u0131r. [&hellip;]<\/p>","protected":false},"author":4,"featured_media":0,"parent":0,"menu_order":0,"comment_status":"closed","ping_status":"closed","template":"","meta":{"footnotes":""},"class_list":["post-14487","page","type-page","status-publish","hentry"],"_links":{"self":[{"href":"https:\/\/enlab.com.tr\/en\/wp-json\/wp\/v2\/pages\/14487","targetHints":{"allow":["GET"]}}],"collection":[{"href":"https:\/\/enlab.com.tr\/en\/wp-json\/wp\/v2\/pages"}],"about":[{"href":"https:\/\/enlab.com.tr\/en\/wp-json\/wp\/v2\/types\/page"}],"author":[{"embeddable":true,"href":"https:\/\/enlab.com.tr\/en\/wp-json\/wp\/v2\/users\/4"}],"replies":[{"embeddable":true,"href":"https:\/\/enlab.com.tr\/en\/wp-json\/wp\/v2\/comments?post=14487"}],"version-history":[{"count":58,"href":"https:\/\/enlab.com.tr\/en\/wp-json\/wp\/v2\/pages\/14487\/revisions"}],"predecessor-version":[{"id":17667,"href":"https:\/\/enlab.com.tr\/en\/wp-json\/wp\/v2\/pages\/14487\/revisions\/17667"}],"wp:attachment":[{"href":"https:\/\/enlab.com.tr\/en\/wp-json\/wp\/v2\/media?parent=14487"}],"curies":[{"name":"wp","href":"https:\/\/api.w.org\/{rel}","templated":true}]}}